{"id":2613,"date":"2026-02-16T08:08:03","date_gmt":"2026-02-16T08:08:03","guid":{"rendered":"https:\/\/valcomaq.com\/maquinaria-de-ocasion\/uncategorized\/talladora-de-engranajes-alfred-herbert-fellow\/"},"modified":"2026-02-16T08:37:18","modified_gmt":"2026-02-16T08:37:18","slug":"alfred-herbert-fellow-gear-shaper","status":"publish","type":"product","link":"https:\/\/valcomaq.com\/en\/used-machinery\/used-metalworking-machinery\/used-gear-hobbing-machines\/alfred-herbert-fellow-gear-shaper\/","title":{"rendered":"Alfred Herbert Fellow Gear Shaper \u00d8180 mm Module 4"},"content":{"rendered":"<h3 data-start=\"1245\" data-end=\"1266\"><strong data-start=\"1249\" data-end=\"1266\">Main features<\/strong><\/h3>\n<ul data-start=\"1267\" data-end=\"1527\">\n<li data-start=\"1267\" data-end=\"1347\">\n<p data-start=\"1269\" data-end=\"1347\"><strong data-start=\"1269\" data-end=\"1299\">Alfred Herbert gear shaper<\/strong>, based on the <strong data-start=\"1314\" data-end=\"1344\">Fellow gear shaping system<\/strong>.<\/p>\n<\/li>\n<li data-start=\"1348\" data-end=\"1401\">\n<p data-start=\"1350\" data-end=\"1401\">Suitable for <strong data-start=\"1363\" data-end=\"1398\">spur gears and toothed profiles<\/strong>.<\/p>\n<\/li>\n<li data-start=\"1402\" data-end=\"1435\">\n<p data-start=\"1404\" data-end=\"1435\"><strong data-start=\"1404\" data-end=\"1432\">Maximum diameter: 180 mm<\/strong>.<\/p>\n<\/li>\n<li data-start=\"1436\" data-end=\"1462\">\n<p data-start=\"1438\" data-end=\"1462\"><strong data-start=\"1438\" data-end=\"1459\">Maximum module: 4<\/strong>.<\/p>\n<\/li>\n<li data-start=\"1463\" data-end=\"1497\">\n<p data-start=\"1465\" data-end=\"1497\">Solid industrial construction.<\/p>\n<\/li>\n<li data-start=\"1498\" data-end=\"1527\">\n<p data-start=\"1500\" data-end=\"1527\">Unit <strong data-start=\"1505\" data-end=\"1526\">in good condition<\/strong>.<\/p>\n<\/li>\n<\/ul>\n","protected":false},"excerpt":{"rendered":"<p>Alfred Herbert Fellow gear shaper, \u00d8180 mm capacity, module 4. Good condition.<\/p>\n","protected":false},"featured_media":2582,"template":"","meta":{"_joinchat":[]},"product_brand":[],"product_cat":[114,105],"product_tag":[],"class_list":{"0":"post-2613","1":"product","2":"type-product","3":"status-publish","4":"has-post-thumbnail","6":"product_cat-used-gear-hobbing-machines","7":"product_cat-used-metalworking-machinery","9":"first","10":"instock","11":"shipping-taxable","12":"product-type-simple"},"yoast_head":"<!-- This site is optimized with the Yoast SEO plugin v27.4 - https:\/\/yoast.com\/product\/yoast-seo-wordpress\/ -->\n<title>Talladora de Engranajes Alfred Herbert - Valcomaq<\/title>\n<meta name=\"description\" content=\"Talladora de engranajes Alfred Herbert sistema Fellow, \u00d8180 mm y m\u00f3dulo 4. Ideal para fabricaci\u00f3n de engranajes rectos en buen estado.\" \/>\n<meta name=\"robots\" content=\"index, follow, max-snippet:-1, max-image-preview:large, max-video-preview:-1\" \/>\n<link rel=\"canonical\" href=\"https:\/\/valcomaq.com\/en\/used-machinery\/used-metalworking-machinery\/used-gear-hobbing-machines\/alfred-herbert-fellow-gear-shaper\/\" \/>\n<meta property=\"og:locale\" content=\"en_US\" \/>\n<meta property=\"og:type\" content=\"article\" \/>\n<meta property=\"og:title\" content=\"Talladora de Engranajes Alfred Herbert - Valcomaq\" \/>\n<meta property=\"og:description\" content=\"Talladora de engranajes Alfred Herbert sistema Fellow, \u00d8180 mm y m\u00f3dulo 4. Ideal para fabricaci\u00f3n de engranajes rectos en buen estado.\" \/>\n<meta property=\"og:url\" content=\"https:\/\/valcomaq.com\/en\/used-machinery\/used-metalworking-machinery\/used-gear-hobbing-machines\/alfred-herbert-fellow-gear-shaper\/\" \/>\n<meta property=\"og:site_name\" content=\"VALCOMAQ\" \/>\n<meta property=\"article:publisher\" content=\"https:\/\/www.facebook.com\/Valcomaq1\" \/>\n<meta property=\"article:modified_time\" content=\"2026-02-16T08:37:18+00:00\" \/>\n<meta property=\"og:image\" content=\"https:\/\/valcomaq.com\/wp-content\/uploads\/2026\/02\/01.08.0303-Talladora-Herbert-Fellow-02-e1771229277694.jpeg\" \/>\n\t<meta property=\"og:image:width\" content=\"421\" \/>\n\t<meta property=\"og:image:height\" content=\"576\" \/>\n\t<meta property=\"og:image:type\" content=\"image\/jpeg\" \/>\n<meta name=\"twitter:card\" content=\"summary_large_image\" \/>\n<meta name=\"twitter:label1\" content=\"Est. reading time\" \/>\n\t<meta name=\"twitter:data1\" content=\"1 minute\" \/>\n<script type=\"application\/ld+json\" class=\"yoast-schema-graph\">{\"@context\":\"https:\\\/\\\/schema.org\",\"@graph\":[{\"@type\":\"WebPage\",\"@id\":\"https:\\\/\\\/valcomaq.com\\\/en\\\/used-machinery\\\/used-metalworking-machinery\\\/used-gear-hobbing-machines\\\/alfred-herbert-fellow-gear-shaper\\\/\",\"url\":\"https:\\\/\\\/valcomaq.com\\\/en\\\/used-machinery\\\/used-metalworking-machinery\\\/used-gear-hobbing-machines\\\/alfred-herbert-fellow-gear-shaper\\\/\",\"name\":\"Talladora de Engranajes Alfred Herbert - Valcomaq\",\"isPartOf\":{\"@id\":\"https:\\\/\\\/valcomaq.com\\\/en\\\/#website\"},\"primaryImageOfPage\":{\"@id\":\"https:\\\/\\\/valcomaq.com\\\/en\\\/used-machinery\\\/used-metalworking-machinery\\\/used-gear-hobbing-machines\\\/alfred-herbert-fellow-gear-shaper\\\/#primaryimage\"},\"image\":{\"@id\":\"https:\\\/\\\/valcomaq.com\\\/en\\\/used-machinery\\\/used-metalworking-machinery\\\/used-gear-hobbing-machines\\\/alfred-herbert-fellow-gear-shaper\\\/#primaryimage\"},\"thumbnailUrl\":\"https:\\\/\\\/valcomaq.com\\\/wp-content\\\/uploads\\\/2026\\\/02\\\/01.08.0303-Talladora-Herbert-Fellow-02-e1771229277694.jpeg\",\"datePublished\":\"2026-02-16T08:08:03+00:00\",\"dateModified\":\"2026-02-16T08:37:18+00:00\",\"description\":\"Talladora de engranajes Alfred Herbert sistema Fellow, \u00d8180 mm y m\u00f3dulo 4. Ideal para fabricaci\u00f3n de engranajes rectos en buen estado.\",\"breadcrumb\":{\"@id\":\"https:\\\/\\\/valcomaq.com\\\/en\\\/used-machinery\\\/used-metalworking-machinery\\\/used-gear-hobbing-machines\\\/alfred-herbert-fellow-gear-shaper\\\/#breadcrumb\"},\"inLanguage\":\"en-US\",\"potentialAction\":[{\"@type\":\"ReadAction\",\"target\":[\"https:\\\/\\\/valcomaq.com\\\/en\\\/used-machinery\\\/used-metalworking-machinery\\\/used-gear-hobbing-machines\\\/alfred-herbert-fellow-gear-shaper\\\/\"]}]},{\"@type\":\"ImageObject\",\"inLanguage\":\"en-US\",\"@id\":\"https:\\\/\\\/valcomaq.com\\\/en\\\/used-machinery\\\/used-metalworking-machinery\\\/used-gear-hobbing-machines\\\/alfred-herbert-fellow-gear-shaper\\\/#primaryimage\",\"url\":\"https:\\\/\\\/valcomaq.com\\\/wp-content\\\/uploads\\\/2026\\\/02\\\/01.08.0303-Talladora-Herbert-Fellow-02-e1771229277694.jpeg\",\"contentUrl\":\"https:\\\/\\\/valcomaq.com\\\/wp-content\\\/uploads\\\/2026\\\/02\\\/01.08.0303-Talladora-Herbert-Fellow-02-e1771229277694.jpeg\",\"width\":421,\"height\":576},{\"@type\":\"BreadcrumbList\",\"@id\":\"https:\\\/\\\/valcomaq.com\\\/en\\\/used-machinery\\\/used-metalworking-machinery\\\/used-gear-hobbing-machines\\\/alfred-herbert-fellow-gear-shaper\\\/#breadcrumb\",\"itemListElement\":[{\"@type\":\"ListItem\",\"position\":1,\"name\":\"Portada\",\"item\":\"https:\\\/\\\/valcomaq.com\\\/en\\\/\"},{\"@type\":\"ListItem\",\"position\":2,\"name\":\"USED MACHINERY\",\"item\":\"https:\\\/\\\/valcomaq.com\\\/en\\\/used-machineryused-machinery-for-sale-spain\\\/\"},{\"@type\":\"ListItem\",\"position\":3,\"name\":\"Alfred Herbert Fellow Gear Shaper \u00d8180 mm Module 4\"}]},{\"@type\":\"WebSite\",\"@id\":\"https:\\\/\\\/valcomaq.com\\\/en\\\/#website\",\"url\":\"https:\\\/\\\/valcomaq.com\\\/en\\\/\",\"name\":\"VALCOMAQ\",\"description\":\"BUYING AND SELLING INDUSTRIAL MACHINERY\",\"publisher\":{\"@id\":\"https:\\\/\\\/valcomaq.com\\\/en\\\/#organization\"},\"potentialAction\":[{\"@type\":\"SearchAction\",\"target\":{\"@type\":\"EntryPoint\",\"urlTemplate\":\"https:\\\/\\\/valcomaq.com\\\/en\\\/?s={search_term_string}\"},\"query-input\":{\"@type\":\"PropertyValueSpecification\",\"valueRequired\":true,\"valueName\":\"search_term_string\"}}],\"inLanguage\":\"en-US\"},{\"@type\":\"Organization\",\"@id\":\"https:\\\/\\\/valcomaq.com\\\/en\\\/#organization\",\"name\":\"VALCOMAQ\",\"url\":\"https:\\\/\\\/valcomaq.com\\\/en\\\/\",\"logo\":{\"@type\":\"ImageObject\",\"inLanguage\":\"en-US\",\"@id\":\"https:\\\/\\\/valcomaq.com\\\/en\\\/#\\\/schema\\\/logo\\\/image\\\/\",\"url\":\"http:\\\/\\\/valcomaq.com\\\/wp-content\\\/uploads\\\/2026\\\/01\\\/Black-White-Circle-Bee-Icon-Food-Logo-3-1.jpg\",\"contentUrl\":\"http:\\\/\\\/valcomaq.com\\\/wp-content\\\/uploads\\\/2026\\\/01\\\/Black-White-Circle-Bee-Icon-Food-Logo-3-1.jpg\",\"width\":500,\"height\":500,\"caption\":\"VALCOMAQ\"},\"image\":{\"@id\":\"https:\\\/\\\/valcomaq.com\\\/en\\\/#\\\/schema\\\/logo\\\/image\\\/\"},\"sameAs\":[\"https:\\\/\\\/www.facebook.com\\\/Valcomaq1\",\"https:\\\/\\\/www.instagram.com\\\/valcomaq\\\/\",\"https:\\\/\\\/www.tiktok.com\\\/@valcomaq\"]}]}<\/script>\n<!-- \/ Yoast SEO plugin. -->","yoast_head_json":{"title":"Talladora de Engranajes Alfred Herbert - Valcomaq","description":"Talladora de engranajes Alfred Herbert sistema Fellow, \u00d8180 mm y m\u00f3dulo 4. Ideal para fabricaci\u00f3n de engranajes rectos en buen estado.","robots":{"index":"index","follow":"follow","max-snippet":"max-snippet:-1","max-image-preview":"max-image-preview:large","max-video-preview":"max-video-preview:-1"},"canonical":"https:\/\/valcomaq.com\/en\/used-machinery\/used-metalworking-machinery\/used-gear-hobbing-machines\/alfred-herbert-fellow-gear-shaper\/","og_locale":"en_US","og_type":"article","og_title":"Talladora de Engranajes Alfred Herbert - Valcomaq","og_description":"Talladora de engranajes Alfred Herbert sistema Fellow, \u00d8180 mm y m\u00f3dulo 4. Ideal para fabricaci\u00f3n de engranajes rectos en buen estado.","og_url":"https:\/\/valcomaq.com\/en\/used-machinery\/used-metalworking-machinery\/used-gear-hobbing-machines\/alfred-herbert-fellow-gear-shaper\/","og_site_name":"VALCOMAQ","article_publisher":"https:\/\/www.facebook.com\/Valcomaq1","article_modified_time":"2026-02-16T08:37:18+00:00","og_image":[{"width":421,"height":576,"url":"https:\/\/valcomaq.com\/wp-content\/uploads\/2026\/02\/01.08.0303-Talladora-Herbert-Fellow-02-e1771229277694.jpeg","type":"image\/jpeg"}],"twitter_card":"summary_large_image","twitter_misc":{"Est. reading time":"1 minute"},"schema":{"@context":"https:\/\/schema.org","@graph":[{"@type":"WebPage","@id":"https:\/\/valcomaq.com\/en\/used-machinery\/used-metalworking-machinery\/used-gear-hobbing-machines\/alfred-herbert-fellow-gear-shaper\/","url":"https:\/\/valcomaq.com\/en\/used-machinery\/used-metalworking-machinery\/used-gear-hobbing-machines\/alfred-herbert-fellow-gear-shaper\/","name":"Talladora de Engranajes Alfred Herbert - Valcomaq","isPartOf":{"@id":"https:\/\/valcomaq.com\/en\/#website"},"primaryImageOfPage":{"@id":"https:\/\/valcomaq.com\/en\/used-machinery\/used-metalworking-machinery\/used-gear-hobbing-machines\/alfred-herbert-fellow-gear-shaper\/#primaryimage"},"image":{"@id":"https:\/\/valcomaq.com\/en\/used-machinery\/used-metalworking-machinery\/used-gear-hobbing-machines\/alfred-herbert-fellow-gear-shaper\/#primaryimage"},"thumbnailUrl":"https:\/\/valcomaq.com\/wp-content\/uploads\/2026\/02\/01.08.0303-Talladora-Herbert-Fellow-02-e1771229277694.jpeg","datePublished":"2026-02-16T08:08:03+00:00","dateModified":"2026-02-16T08:37:18+00:00","description":"Talladora de engranajes Alfred Herbert sistema Fellow, \u00d8180 mm y m\u00f3dulo 4. Ideal para fabricaci\u00f3n de engranajes rectos en buen estado.","breadcrumb":{"@id":"https:\/\/valcomaq.com\/en\/used-machinery\/used-metalworking-machinery\/used-gear-hobbing-machines\/alfred-herbert-fellow-gear-shaper\/#breadcrumb"},"inLanguage":"en-US","potentialAction":[{"@type":"ReadAction","target":["https:\/\/valcomaq.com\/en\/used-machinery\/used-metalworking-machinery\/used-gear-hobbing-machines\/alfred-herbert-fellow-gear-shaper\/"]}]},{"@type":"ImageObject","inLanguage":"en-US","@id":"https:\/\/valcomaq.com\/en\/used-machinery\/used-metalworking-machinery\/used-gear-hobbing-machines\/alfred-herbert-fellow-gear-shaper\/#primaryimage","url":"https:\/\/valcomaq.com\/wp-content\/uploads\/2026\/02\/01.08.0303-Talladora-Herbert-Fellow-02-e1771229277694.jpeg","contentUrl":"https:\/\/valcomaq.com\/wp-content\/uploads\/2026\/02\/01.08.0303-Talladora-Herbert-Fellow-02-e1771229277694.jpeg","width":421,"height":576},{"@type":"BreadcrumbList","@id":"https:\/\/valcomaq.com\/en\/used-machinery\/used-metalworking-machinery\/used-gear-hobbing-machines\/alfred-herbert-fellow-gear-shaper\/#breadcrumb","itemListElement":[{"@type":"ListItem","position":1,"name":"Portada","item":"https:\/\/valcomaq.com\/en\/"},{"@type":"ListItem","position":2,"name":"USED MACHINERY","item":"https:\/\/valcomaq.com\/en\/used-machineryused-machinery-for-sale-spain\/"},{"@type":"ListItem","position":3,"name":"Alfred Herbert Fellow Gear Shaper \u00d8180 mm Module 4"}]},{"@type":"WebSite","@id":"https:\/\/valcomaq.com\/en\/#website","url":"https:\/\/valcomaq.com\/en\/","name":"VALCOMAQ","description":"BUYING AND SELLING INDUSTRIAL MACHINERY","publisher":{"@id":"https:\/\/valcomaq.com\/en\/#organization"},"potentialAction":[{"@type":"SearchAction","target":{"@type":"EntryPoint","urlTemplate":"https:\/\/valcomaq.com\/en\/?s={search_term_string}"},"query-input":{"@type":"PropertyValueSpecification","valueRequired":true,"valueName":"search_term_string"}}],"inLanguage":"en-US"},{"@type":"Organization","@id":"https:\/\/valcomaq.com\/en\/#organization","name":"VALCOMAQ","url":"https:\/\/valcomaq.com\/en\/","logo":{"@type":"ImageObject","inLanguage":"en-US","@id":"https:\/\/valcomaq.com\/en\/#\/schema\/logo\/image\/","url":"http:\/\/valcomaq.com\/wp-content\/uploads\/2026\/01\/Black-White-Circle-Bee-Icon-Food-Logo-3-1.jpg","contentUrl":"http:\/\/valcomaq.com\/wp-content\/uploads\/2026\/01\/Black-White-Circle-Bee-Icon-Food-Logo-3-1.jpg","width":500,"height":500,"caption":"VALCOMAQ"},"image":{"@id":"https:\/\/valcomaq.com\/en\/#\/schema\/logo\/image\/"},"sameAs":["https:\/\/www.facebook.com\/Valcomaq1","https:\/\/www.instagram.com\/valcomaq\/","https:\/\/www.tiktok.com\/@valcomaq"]}]}},"_links":{"self":[{"href":"https:\/\/valcomaq.com\/en\/wp-json\/wp\/v2\/product\/2613","targetHints":{"allow":["GET"]}}],"collection":[{"href":"https:\/\/valcomaq.com\/en\/wp-json\/wp\/v2\/product"}],"about":[{"href":"https:\/\/valcomaq.com\/en\/wp-json\/wp\/v2\/types\/product"}],"wp:featuredmedia":[{"embeddable":true,"href":"https:\/\/valcomaq.com\/en\/wp-json\/wp\/v2\/media\/2582"}],"wp:attachment":[{"href":"https:\/\/valcomaq.com\/en\/wp-json\/wp\/v2\/media?parent=2613"}],"wp:term":[{"taxonomy":"product_brand","embeddable":true,"href":"https:\/\/valcomaq.com\/en\/wp-json\/wp\/v2\/product_brand?post=2613"},{"taxonomy":"product_cat","embeddable":true,"href":"https:\/\/valcomaq.com\/en\/wp-json\/wp\/v2\/product_cat?post=2613"},{"taxonomy":"product_tag","embeddable":true,"href":"https:\/\/valcomaq.com\/en\/wp-json\/wp\/v2\/product_tag?post=2613"}],"curies":[{"name":"wp","href":"https:\/\/api.w.org\/{rel}","templated":true}]}}