{"id":2851,"date":"2026-05-06T14:31:15","date_gmt":"2026-05-06T14:31:15","guid":{"rendered":"https:\/\/valcomaq.com\/maquinaria-de-ocasion\/uncategorized\/torno-amutio-hb-575-x-1500-mm-con-visualizador\/"},"modified":"2026-05-06T14:32:37","modified_gmt":"2026-05-06T14:32:37","slug":"amutio-hb-575-lathe-1500mm-dro","status":"publish","type":"product","link":"https:\/\/valcomaq.com\/en\/used-machinery\/used-metalworking-machinery\/used-lathes\/amutio-cazeneuve\/amutio-hb-575-lathe-1500mm-dro\/","title":{"rendered":"Amutio HB 575 Lathe 1500 mm Between Centers with DRO"},"content":{"rendered":"<h3 data-section-id=\"x7gn0q\" data-start=\"1366\" data-end=\"1387\"><span role=\"text\"><strong data-start=\"1370\" data-end=\"1387\">Main features<\/strong><\/span><\/h3>\n<p data-start=\"1389\" data-end=\"1435\"><strong data-start=\"1389\" data-end=\"1406\">Manufacturer:<\/strong> Amutio<br data-start=\"1413\" data-end=\"1416\" \/><strong data-start=\"1416\" data-end=\"1426\">Model:<\/strong> HB 575<\/p>\n<p data-start=\"1437\" data-end=\"1623\"><strong data-start=\"1437\" data-end=\"1452\">Capacities:<\/strong><br \/>\n\u2022 Distance between centers: <strong data-start=\"1481\" data-end=\"1492\">1500 mm<\/strong><br data-start=\"1492\" data-end=\"1495\" \/>\u2022 Swing over bed: <strong data-start=\"1513\" data-end=\"1523\">575 mm<\/strong><br data-start=\"1523\" data-end=\"1526\" \/>\u2022 Swing over cross slide: <strong data-start=\"1552\" data-end=\"1562\">300 mm<\/strong><br data-start=\"1562\" data-end=\"1565\" \/>\u2022 Swing over gap: <strong data-start=\"1583\" data-end=\"1593\">750 mm<\/strong><br data-start=\"1593\" data-end=\"1596\" \/>\u2022 Spindle bore: <strong data-start=\"1612\" data-end=\"1621\">51 mm<\/strong><\/p>\n<p data-start=\"1625\" data-end=\"1683\"><strong data-start=\"1625\" data-end=\"1636\">Speeds:<\/strong><br \/>\n\u2022 <strong data-start=\"1639\" data-end=\"1652\">18 speeds<\/strong> ranging from <strong data-start=\"1666\" data-end=\"1681\">25\u20132000 rpm<\/strong><\/p>\n<p data-start=\"1685\" data-end=\"1773\"><strong data-start=\"1685\" data-end=\"1699\">Equipment:<\/strong><br \/>\n\u2022 Digital readout (DRO)<br data-start=\"1723\" data-end=\"1726\" \/>\u2022 Fixed steady rest<br data-start=\"1745\" data-end=\"1748\" \/>\u2022 Traveling steady rest<\/p>\n<p data-start=\"1775\" data-end=\"1827\"><strong data-start=\"1775\" data-end=\"1797\">General condition:<\/strong><br data-start=\"1797\" data-end=\"1800\" \/>\u2022 Lathe in good condition<\/p>\n","protected":false},"excerpt":{"rendered":"<p>Amutio HB 575 lathe with DRO and steady rests. 18 speeds and up to 2000 rpm. Good condition.<\/p>\n","protected":false},"featured_media":2841,"template":"","meta":{"_joinchat":[]},"product_brand":[],"product_cat":[156,106,105],"product_tag":[],"class_list":{"0":"post-2851","1":"product","2":"type-product","3":"status-publish","4":"has-post-thumbnail","6":"product_cat-amutio-cazeneuve","7":"product_cat-used-lathes","8":"product_cat-used-metalworking-machinery","10":"first","11":"instock","12":"shipping-taxable","13":"product-type-simple"},"yoast_head":"<!-- This site is optimized with the Yoast SEO plugin v27.6 - https:\/\/yoast.com\/product\/yoast-seo-wordpress\/ -->\n<title>Amutio HB 575 lathe second hand - VALCOMAQ<\/title>\n<meta name=\"description\" content=\"Amutio HB 575 second-hand lathe with digital readout and steady rests. Versatile machine for workshop machining and industrial use in good condition.\" \/>\n<meta name=\"robots\" content=\"index, follow, max-snippet:-1, max-image-preview:large, max-video-preview:-1\" \/>\n<link rel=\"canonical\" href=\"https:\/\/valcomaq.com\/en\/used-machinery\/used-metalworking-machinery\/used-lathes\/amutio-cazeneuve\/amutio-hb-575-lathe-1500mm-dro\/\" \/>\n<meta property=\"og:locale\" content=\"en_US\" \/>\n<meta property=\"og:type\" content=\"article\" \/>\n<meta property=\"og:title\" content=\"Torno Amutio HB 575\" \/>\n<meta property=\"og:description\" content=\"Torno Amutio HB 575 de segunda mano con visualizador de cotas, luneta fija y m\u00f3vil. M\u00e1quina vers\u00e1til para mecanizado en taller industrial en buen estado.\" \/>\n<meta property=\"og:url\" content=\"https:\/\/valcomaq.com\/en\/used-machinery\/used-metalworking-machinery\/used-lathes\/amutio-cazeneuve\/amutio-hb-575-lathe-1500mm-dro\/\" \/>\n<meta property=\"og:site_name\" content=\"VALCOMAQ\" \/>\n<meta property=\"article:publisher\" content=\"https:\/\/www.facebook.com\/Valcomaq1\" \/>\n<meta property=\"article:modified_time\" content=\"2026-05-06T14:32:37+00:00\" \/>\n<meta property=\"og:image\" content=\"https:\/\/valcomaq.com\/wp-content\/uploads\/2026\/05\/01.01.0535-Torno-Amutio-HB-575x-1500-02-scaled.jpeg\" \/>\n\t<meta property=\"og:image:width\" content=\"2560\" \/>\n\t<meta property=\"og:image:height\" content=\"1554\" \/>\n\t<meta property=\"og:image:type\" content=\"image\/jpeg\" \/>\n<meta name=\"twitter:card\" content=\"summary_large_image\" \/>\n<meta name=\"twitter:label1\" content=\"Est. reading time\" \/>\n\t<meta name=\"twitter:data1\" content=\"1 minute\" \/>\n<script type=\"application\/ld+json\" class=\"yoast-schema-graph\">{\"@context\":\"https:\\\/\\\/schema.org\",\"@graph\":[{\"@type\":[\"WebPage\",\"ItemPage\"],\"@id\":\"https:\\\/\\\/valcomaq.com\\\/en\\\/used-machinery\\\/used-metalworking-machinery\\\/used-lathes\\\/amutio-cazeneuve\\\/amutio-hb-575-lathe-1500mm-dro\\\/\",\"url\":\"https:\\\/\\\/valcomaq.com\\\/en\\\/used-machinery\\\/used-metalworking-machinery\\\/used-lathes\\\/amutio-cazeneuve\\\/amutio-hb-575-lathe-1500mm-dro\\\/\",\"name\":\"Amutio HB 575 lathe second hand - VALCOMAQ\",\"isPartOf\":{\"@id\":\"https:\\\/\\\/valcomaq.com\\\/en\\\/#website\"},\"primaryImageOfPage\":{\"@id\":\"https:\\\/\\\/valcomaq.com\\\/en\\\/used-machinery\\\/used-metalworking-machinery\\\/used-lathes\\\/amutio-cazeneuve\\\/amutio-hb-575-lathe-1500mm-dro\\\/#primaryimage\"},\"image\":{\"@id\":\"https:\\\/\\\/valcomaq.com\\\/en\\\/used-machinery\\\/used-metalworking-machinery\\\/used-lathes\\\/amutio-cazeneuve\\\/amutio-hb-575-lathe-1500mm-dro\\\/#primaryimage\"},\"thumbnailUrl\":\"https:\\\/\\\/valcomaq.com\\\/wp-content\\\/uploads\\\/2026\\\/05\\\/01.01.0535-Torno-Amutio-HB-575x-1500-02-scaled.jpeg\",\"datePublished\":\"2026-05-06T14:31:15+00:00\",\"dateModified\":\"2026-05-06T14:32:37+00:00\",\"description\":\"Amutio HB 575 second-hand lathe with digital readout and steady rests. Versatile machine for workshop machining and industrial use in good condition.\",\"breadcrumb\":{\"@id\":\"https:\\\/\\\/valcomaq.com\\\/en\\\/used-machinery\\\/used-metalworking-machinery\\\/used-lathes\\\/amutio-cazeneuve\\\/amutio-hb-575-lathe-1500mm-dro\\\/#breadcrumb\"},\"inLanguage\":\"en-US\",\"potentialAction\":[{\"@type\":\"ReadAction\",\"target\":[\"https:\\\/\\\/valcomaq.com\\\/en\\\/used-machinery\\\/used-metalworking-machinery\\\/used-lathes\\\/amutio-cazeneuve\\\/amutio-hb-575-lathe-1500mm-dro\\\/\"]}]},{\"@type\":\"ImageObject\",\"inLanguage\":\"en-US\",\"@id\":\"https:\\\/\\\/valcomaq.com\\\/en\\\/used-machinery\\\/used-metalworking-machinery\\\/used-lathes\\\/amutio-cazeneuve\\\/amutio-hb-575-lathe-1500mm-dro\\\/#primaryimage\",\"url\":\"https:\\\/\\\/valcomaq.com\\\/wp-content\\\/uploads\\\/2026\\\/05\\\/01.01.0535-Torno-Amutio-HB-575x-1500-02-scaled.jpeg\",\"contentUrl\":\"https:\\\/\\\/valcomaq.com\\\/wp-content\\\/uploads\\\/2026\\\/05\\\/01.01.0535-Torno-Amutio-HB-575x-1500-02-scaled.jpeg\",\"width\":2560,\"height\":1554},{\"@type\":\"BreadcrumbList\",\"@id\":\"https:\\\/\\\/valcomaq.com\\\/en\\\/used-machinery\\\/used-metalworking-machinery\\\/used-lathes\\\/amutio-cazeneuve\\\/amutio-hb-575-lathe-1500mm-dro\\\/#breadcrumb\",\"itemListElement\":[{\"@type\":\"ListItem\",\"position\":1,\"name\":\"Portada\",\"item\":\"https:\\\/\\\/valcomaq.com\\\/en\\\/\"},{\"@type\":\"ListItem\",\"position\":2,\"name\":\"USED MACHINERY\",\"item\":\"https:\\\/\\\/valcomaq.com\\\/en\\\/used-machineryused-machinery-for-sale-spain\\\/\"},{\"@type\":\"ListItem\",\"position\":3,\"name\":\"Amutio HB 575 Lathe 1500 mm Between Centers with DRO\"}]},{\"@type\":\"WebSite\",\"@id\":\"https:\\\/\\\/valcomaq.com\\\/en\\\/#website\",\"url\":\"https:\\\/\\\/valcomaq.com\\\/en\\\/\",\"name\":\"VALCOMAQ\",\"description\":\"BUYING AND SELLING INDUSTRIAL MACHINERY\",\"publisher\":{\"@id\":\"https:\\\/\\\/valcomaq.com\\\/en\\\/#organization\"},\"potentialAction\":[{\"@type\":\"SearchAction\",\"target\":{\"@type\":\"EntryPoint\",\"urlTemplate\":\"https:\\\/\\\/valcomaq.com\\\/en\\\/?s={search_term_string}\"},\"query-input\":{\"@type\":\"PropertyValueSpecification\",\"valueRequired\":true,\"valueName\":\"search_term_string\"}}],\"inLanguage\":\"en-US\"},{\"@type\":\"Organization\",\"@id\":\"https:\\\/\\\/valcomaq.com\\\/en\\\/#organization\",\"name\":\"VALCOMAQ\",\"url\":\"https:\\\/\\\/valcomaq.com\\\/en\\\/\",\"logo\":{\"@type\":\"ImageObject\",\"inLanguage\":\"en-US\",\"@id\":\"https:\\\/\\\/valcomaq.com\\\/en\\\/#\\\/schema\\\/logo\\\/image\\\/\",\"url\":\"http:\\\/\\\/valcomaq.com\\\/wp-content\\\/uploads\\\/2026\\\/01\\\/Black-White-Circle-Bee-Icon-Food-Logo-3-1.jpg\",\"contentUrl\":\"http:\\\/\\\/valcomaq.com\\\/wp-content\\\/uploads\\\/2026\\\/01\\\/Black-White-Circle-Bee-Icon-Food-Logo-3-1.jpg\",\"width\":500,\"height\":500,\"caption\":\"VALCOMAQ\"},\"image\":{\"@id\":\"https:\\\/\\\/valcomaq.com\\\/en\\\/#\\\/schema\\\/logo\\\/image\\\/\"},\"sameAs\":[\"https:\\\/\\\/www.facebook.com\\\/Valcomaq1\",\"https:\\\/\\\/www.instagram.com\\\/valcomaq\\\/\",\"https:\\\/\\\/www.tiktok.com\\\/@valcomaq\"]}]}<\/script>\n<!-- \/ Yoast SEO plugin. -->","yoast_head_json":{"title":"Amutio HB 575 lathe second hand - VALCOMAQ","description":"Amutio HB 575 second-hand lathe with digital readout and steady rests. Versatile machine for workshop machining and industrial use in good condition.","robots":{"index":"index","follow":"follow","max-snippet":"max-snippet:-1","max-image-preview":"max-image-preview:large","max-video-preview":"max-video-preview:-1"},"canonical":"https:\/\/valcomaq.com\/en\/used-machinery\/used-metalworking-machinery\/used-lathes\/amutio-cazeneuve\/amutio-hb-575-lathe-1500mm-dro\/","og_locale":"en_US","og_type":"article","og_title":"Torno Amutio HB 575","og_description":"Torno Amutio HB 575 de segunda mano con visualizador de cotas, luneta fija y m\u00f3vil. M\u00e1quina vers\u00e1til para mecanizado en taller industrial en buen estado.","og_url":"https:\/\/valcomaq.com\/en\/used-machinery\/used-metalworking-machinery\/used-lathes\/amutio-cazeneuve\/amutio-hb-575-lathe-1500mm-dro\/","og_site_name":"VALCOMAQ","article_publisher":"https:\/\/www.facebook.com\/Valcomaq1","article_modified_time":"2026-05-06T14:32:37+00:00","og_image":[{"width":2560,"height":1554,"url":"https:\/\/valcomaq.com\/wp-content\/uploads\/2026\/05\/01.01.0535-Torno-Amutio-HB-575x-1500-02-scaled.jpeg","type":"image\/jpeg"}],"twitter_card":"summary_large_image","twitter_misc":{"Est. reading time":"1 minute"},"schema":{"@context":"https:\/\/schema.org","@graph":[{"@type":["WebPage","ItemPage"],"@id":"https:\/\/valcomaq.com\/en\/used-machinery\/used-metalworking-machinery\/used-lathes\/amutio-cazeneuve\/amutio-hb-575-lathe-1500mm-dro\/","url":"https:\/\/valcomaq.com\/en\/used-machinery\/used-metalworking-machinery\/used-lathes\/amutio-cazeneuve\/amutio-hb-575-lathe-1500mm-dro\/","name":"Amutio HB 575 lathe second hand - VALCOMAQ","isPartOf":{"@id":"https:\/\/valcomaq.com\/en\/#website"},"primaryImageOfPage":{"@id":"https:\/\/valcomaq.com\/en\/used-machinery\/used-metalworking-machinery\/used-lathes\/amutio-cazeneuve\/amutio-hb-575-lathe-1500mm-dro\/#primaryimage"},"image":{"@id":"https:\/\/valcomaq.com\/en\/used-machinery\/used-metalworking-machinery\/used-lathes\/amutio-cazeneuve\/amutio-hb-575-lathe-1500mm-dro\/#primaryimage"},"thumbnailUrl":"https:\/\/valcomaq.com\/wp-content\/uploads\/2026\/05\/01.01.0535-Torno-Amutio-HB-575x-1500-02-scaled.jpeg","datePublished":"2026-05-06T14:31:15+00:00","dateModified":"2026-05-06T14:32:37+00:00","description":"Amutio HB 575 second-hand lathe with digital readout and steady rests. Versatile machine for workshop machining and industrial use in good condition.","breadcrumb":{"@id":"https:\/\/valcomaq.com\/en\/used-machinery\/used-metalworking-machinery\/used-lathes\/amutio-cazeneuve\/amutio-hb-575-lathe-1500mm-dro\/#breadcrumb"},"inLanguage":"en-US","potentialAction":[{"@type":"ReadAction","target":["https:\/\/valcomaq.com\/en\/used-machinery\/used-metalworking-machinery\/used-lathes\/amutio-cazeneuve\/amutio-hb-575-lathe-1500mm-dro\/"]}]},{"@type":"ImageObject","inLanguage":"en-US","@id":"https:\/\/valcomaq.com\/en\/used-machinery\/used-metalworking-machinery\/used-lathes\/amutio-cazeneuve\/amutio-hb-575-lathe-1500mm-dro\/#primaryimage","url":"https:\/\/valcomaq.com\/wp-content\/uploads\/2026\/05\/01.01.0535-Torno-Amutio-HB-575x-1500-02-scaled.jpeg","contentUrl":"https:\/\/valcomaq.com\/wp-content\/uploads\/2026\/05\/01.01.0535-Torno-Amutio-HB-575x-1500-02-scaled.jpeg","width":2560,"height":1554},{"@type":"BreadcrumbList","@id":"https:\/\/valcomaq.com\/en\/used-machinery\/used-metalworking-machinery\/used-lathes\/amutio-cazeneuve\/amutio-hb-575-lathe-1500mm-dro\/#breadcrumb","itemListElement":[{"@type":"ListItem","position":1,"name":"Portada","item":"https:\/\/valcomaq.com\/en\/"},{"@type":"ListItem","position":2,"name":"USED MACHINERY","item":"https:\/\/valcomaq.com\/en\/used-machineryused-machinery-for-sale-spain\/"},{"@type":"ListItem","position":3,"name":"Amutio HB 575 Lathe 1500 mm Between Centers with DRO"}]},{"@type":"WebSite","@id":"https:\/\/valcomaq.com\/en\/#website","url":"https:\/\/valcomaq.com\/en\/","name":"VALCOMAQ","description":"BUYING AND SELLING INDUSTRIAL MACHINERY","publisher":{"@id":"https:\/\/valcomaq.com\/en\/#organization"},"potentialAction":[{"@type":"SearchAction","target":{"@type":"EntryPoint","urlTemplate":"https:\/\/valcomaq.com\/en\/?s={search_term_string}"},"query-input":{"@type":"PropertyValueSpecification","valueRequired":true,"valueName":"search_term_string"}}],"inLanguage":"en-US"},{"@type":"Organization","@id":"https:\/\/valcomaq.com\/en\/#organization","name":"VALCOMAQ","url":"https:\/\/valcomaq.com\/en\/","logo":{"@type":"ImageObject","inLanguage":"en-US","@id":"https:\/\/valcomaq.com\/en\/#\/schema\/logo\/image\/","url":"http:\/\/valcomaq.com\/wp-content\/uploads\/2026\/01\/Black-White-Circle-Bee-Icon-Food-Logo-3-1.jpg","contentUrl":"http:\/\/valcomaq.com\/wp-content\/uploads\/2026\/01\/Black-White-Circle-Bee-Icon-Food-Logo-3-1.jpg","width":500,"height":500,"caption":"VALCOMAQ"},"image":{"@id":"https:\/\/valcomaq.com\/en\/#\/schema\/logo\/image\/"},"sameAs":["https:\/\/www.facebook.com\/Valcomaq1","https:\/\/www.instagram.com\/valcomaq\/","https:\/\/www.tiktok.com\/@valcomaq"]}]}},"_links":{"self":[{"href":"https:\/\/valcomaq.com\/en\/wp-json\/wp\/v2\/product\/2851","targetHints":{"allow":["GET"]}}],"collection":[{"href":"https:\/\/valcomaq.com\/en\/wp-json\/wp\/v2\/product"}],"about":[{"href":"https:\/\/valcomaq.com\/en\/wp-json\/wp\/v2\/types\/product"}],"wp:featuredmedia":[{"embeddable":true,"href":"https:\/\/valcomaq.com\/en\/wp-json\/wp\/v2\/media\/2841"}],"wp:attachment":[{"href":"https:\/\/valcomaq.com\/en\/wp-json\/wp\/v2\/media?parent=2851"}],"wp:term":[{"taxonomy":"product_brand","embeddable":true,"href":"https:\/\/valcomaq.com\/en\/wp-json\/wp\/v2\/product_brand?post=2851"},{"taxonomy":"product_cat","embeddable":true,"href":"https:\/\/valcomaq.com\/en\/wp-json\/wp\/v2\/product_cat?post=2851"},{"taxonomy":"product_tag","embeddable":true,"href":"https:\/\/valcomaq.com\/en\/wp-json\/wp\/v2\/product_tag?post=2851"}],"curies":[{"name":"wp","href":"https:\/\/api.w.org\/{rel}","templated":true}]}}